{"id":69,"date":"2024-06-23T09:23:39","date_gmt":"2024-06-23T09:23:39","guid":{"rendered":"https:\/\/dev.net-vision.cz\/barvypp\/?page_id=69"},"modified":"2024-06-23T12:55:39","modified_gmt":"2024-06-23T12:55:39","slug":"kontakt","status":"publish","type":"page","link":"https:\/\/www.barvypp.cz\/?page_id=69","title":{"rendered":"Kontakt"},"content":{"rendered":"","protected":false},"excerpt":{"rendered":"","protected":false},"author":1,"featured_media":0,"parent":0,"menu_order":0,"comment_status":"closed","ping_status":"closed","template":"","meta":{"footnotes":""},"class_list":["post-69","page","type-page","status-publish","hentry"],"yoast_head":"<!-- This site is optimized with the Yoast SEO plugin v26.7 - https:\/\/yoast.com\/wordpress\/plugins\/seo\/ -->\n<title>Barvy P&amp;P s.r.o. | Jirkov - Chomutov<\/title>\n<meta name=\"description\" content=\"Jsme jedin\u00e1 firma v Jirkov\u011b, kter\u00e1 poskytuje slu\u017ebu m\u00edch\u00e1n\u00ed barev a autolak\u016f.\" \/>\n<meta name=\"robots\" content=\"index, follow, max-snippet:-1, max-image-preview:large, max-video-preview:-1\" \/>\n<link rel=\"canonical\" href=\"https:\/\/www.barvypp.cz\/?page_id=69\" \/>\n<meta property=\"og:locale\" content=\"cs_CZ\" \/>\n<meta property=\"og:type\" content=\"article\" \/>\n<meta property=\"og:title\" content=\"Barvy P&amp;P s.r.o. | Jirkov - Chomutov\" \/>\n<meta property=\"og:description\" content=\"Jsme jedin\u00e1 firma v Jirkov\u011b, kter\u00e1 poskytuje slu\u017ebu m\u00edch\u00e1n\u00ed barev a autolak\u016f.\" \/>\n<meta property=\"og:url\" content=\"https:\/\/www.barvypp.cz\/?page_id=69\" \/>\n<meta property=\"og:site_name\" content=\"Barvypp\" \/>\n<meta property=\"article:modified_time\" content=\"2024-06-23T12:55:39+00:00\" \/>\n<meta name=\"twitter:card\" content=\"summary_large_image\" \/>\n<meta name=\"twitter:label1\" content=\"Odhadovan\u00e1 doba \u010dten\u00ed\" \/>\n\t<meta name=\"twitter:data1\" content=\"1 minuta\" \/>\n<script type=\"application\/ld+json\" class=\"yoast-schema-graph\">{\"@context\":\"https:\/\/schema.org\",\"@graph\":[{\"@type\":\"WebPage\",\"@id\":\"https:\/\/www.barvypp.cz\/?page_id=69\",\"url\":\"https:\/\/www.barvypp.cz\/?page_id=69\",\"name\":\"Barvy P&P s.r.o. | Jirkov - Chomutov\",\"isPartOf\":{\"@id\":\"https:\/\/www.barvypp.cz\/#website\"},\"datePublished\":\"2024-06-23T09:23:39+00:00\",\"dateModified\":\"2024-06-23T12:55:39+00:00\",\"description\":\"Jsme jedin\u00e1 firma v Jirkov\u011b, kter\u00e1 poskytuje slu\u017ebu m\u00edch\u00e1n\u00ed barev a autolak\u016f.\",\"breadcrumb\":{\"@id\":\"https:\/\/www.barvypp.cz\/?page_id=69#breadcrumb\"},\"inLanguage\":\"cs\",\"potentialAction\":[{\"@type\":\"ReadAction\",\"target\":[\"https:\/\/www.barvypp.cz\/?page_id=69\"]}]},{\"@type\":\"BreadcrumbList\",\"@id\":\"https:\/\/www.barvypp.cz\/?page_id=69#breadcrumb\",\"itemListElement\":[{\"@type\":\"ListItem\",\"position\":1,\"name\":\"Dom\u016f\",\"item\":\"https:\/\/www.barvypp.cz\/\"},{\"@type\":\"ListItem\",\"position\":2,\"name\":\"Kontakt\"}]},{\"@type\":\"WebSite\",\"@id\":\"https:\/\/www.barvypp.cz\/#website\",\"url\":\"https:\/\/www.barvypp.cz\/\",\"name\":\"Barvypp\",\"description\":\"\",\"potentialAction\":[{\"@type\":\"SearchAction\",\"target\":{\"@type\":\"EntryPoint\",\"urlTemplate\":\"https:\/\/www.barvypp.cz\/?s={search_term_string}\"},\"query-input\":{\"@type\":\"PropertyValueSpecification\",\"valueRequired\":true,\"valueName\":\"search_term_string\"}}],\"inLanguage\":\"cs\"}]}<\/script>\n<!-- \/ Yoast SEO plugin. -->","yoast_head_json":{"title":"Barvy P&P s.r.o. | Jirkov - Chomutov","description":"Jsme jedin\u00e1 firma v Jirkov\u011b, kter\u00e1 poskytuje slu\u017ebu m\u00edch\u00e1n\u00ed barev a autolak\u016f.","robots":{"index":"index","follow":"follow","max-snippet":"max-snippet:-1","max-image-preview":"max-image-preview:large","max-video-preview":"max-video-preview:-1"},"canonical":"https:\/\/www.barvypp.cz\/?page_id=69","og_locale":"cs_CZ","og_type":"article","og_title":"Barvy P&P s.r.o. | Jirkov - Chomutov","og_description":"Jsme jedin\u00e1 firma v Jirkov\u011b, kter\u00e1 poskytuje slu\u017ebu m\u00edch\u00e1n\u00ed barev a autolak\u016f.","og_url":"https:\/\/www.barvypp.cz\/?page_id=69","og_site_name":"Barvypp","article_modified_time":"2024-06-23T12:55:39+00:00","twitter_card":"summary_large_image","twitter_misc":{"Odhadovan\u00e1 doba \u010dten\u00ed":"1 minuta"},"schema":{"@context":"https:\/\/schema.org","@graph":[{"@type":"WebPage","@id":"https:\/\/www.barvypp.cz\/?page_id=69","url":"https:\/\/www.barvypp.cz\/?page_id=69","name":"Barvy P&P s.r.o. | Jirkov - Chomutov","isPartOf":{"@id":"https:\/\/www.barvypp.cz\/#website"},"datePublished":"2024-06-23T09:23:39+00:00","dateModified":"2024-06-23T12:55:39+00:00","description":"Jsme jedin\u00e1 firma v Jirkov\u011b, kter\u00e1 poskytuje slu\u017ebu m\u00edch\u00e1n\u00ed barev a autolak\u016f.","breadcrumb":{"@id":"https:\/\/www.barvypp.cz\/?page_id=69#breadcrumb"},"inLanguage":"cs","potentialAction":[{"@type":"ReadAction","target":["https:\/\/www.barvypp.cz\/?page_id=69"]}]},{"@type":"BreadcrumbList","@id":"https:\/\/www.barvypp.cz\/?page_id=69#breadcrumb","itemListElement":[{"@type":"ListItem","position":1,"name":"Dom\u016f","item":"https:\/\/www.barvypp.cz\/"},{"@type":"ListItem","position":2,"name":"Kontakt"}]},{"@type":"WebSite","@id":"https:\/\/www.barvypp.cz\/#website","url":"https:\/\/www.barvypp.cz\/","name":"Barvypp","description":"","potentialAction":[{"@type":"SearchAction","target":{"@type":"EntryPoint","urlTemplate":"https:\/\/www.barvypp.cz\/?s={search_term_string}"},"query-input":{"@type":"PropertyValueSpecification","valueRequired":true,"valueName":"search_term_string"}}],"inLanguage":"cs"}]}},"_links":{"self":[{"href":"https:\/\/www.barvypp.cz\/index.php?rest_route=\/wp\/v2\/pages\/69","targetHints":{"allow":["GET"]}}],"collection":[{"href":"https:\/\/www.barvypp.cz\/index.php?rest_route=\/wp\/v2\/pages"}],"about":[{"href":"https:\/\/www.barvypp.cz\/index.php?rest_route=\/wp\/v2\/types\/page"}],"author":[{"embeddable":true,"href":"https:\/\/www.barvypp.cz\/index.php?rest_route=\/wp\/v2\/users\/1"}],"replies":[{"embeddable":true,"href":"https:\/\/www.barvypp.cz\/index.php?rest_route=%2Fwp%2Fv2%2Fcomments&post=69"}],"version-history":[{"count":1,"href":"https:\/\/www.barvypp.cz\/index.php?rest_route=\/wp\/v2\/pages\/69\/revisions"}],"predecessor-version":[{"id":70,"href":"https:\/\/www.barvypp.cz\/index.php?rest_route=\/wp\/v2\/pages\/69\/revisions\/70"}],"wp:attachment":[{"href":"https:\/\/www.barvypp.cz\/index.php?rest_route=%2Fwp%2Fv2%2Fmedia&parent=69"}],"curies":[{"name":"wp","href":"https:\/\/api.w.org\/{rel}","templated":true}]}}