{"id":63,"date":"2024-06-23T09:23:04","date_gmt":"2024-06-23T09:23:04","guid":{"rendered":"https:\/\/dev.net-vision.cz\/barvypp\/?page_id=63"},"modified":"2024-06-23T12:55:01","modified_gmt":"2024-06-23T12:55:01","slug":"prodej-barev","status":"publish","type":"page","link":"https:\/\/www.barvypp.cz\/?page_id=63","title":{"rendered":"Prodej barev"},"content":{"rendered":"","protected":false},"excerpt":{"rendered":"","protected":false},"author":1,"featured_media":0,"parent":0,"menu_order":0,"comment_status":"closed","ping_status":"closed","template":"","meta":{"footnotes":""},"class_list":["post-63","page","type-page","status-publish","hentry"],"yoast_head":"<!-- This site is optimized with the Yoast SEO plugin v26.7 - https:\/\/yoast.com\/wordpress\/plugins\/seo\/ -->\n<title>\u0160irok\u00fd sortiment barev a lak\u016f | Jirkov - Chomutov<\/title>\n<meta name=\"description\" content=\"Jsme dodavatel\u00e9 n\u00e1t\u011brov\u00fdch hmot a p\u0159\u00edslu\u0161enstv\u00ed, kter\u00e9 s mal\u00ed\u0159stv\u00edm neodmysliteln\u011b souvis\u00ed. Z\u00e1kazn\u00edk\u016fm nab\u00edz\u00edme m\u00edch\u00e1n\u00ed syntetick\u00fdch, fas\u00e1dn\u00edch a interi\u00e9rov\u00fdch barev i autolak\u016f De Beer \u2013 v\u0161e na po\u010dk\u00e1n\u00ed.\" \/>\n<meta name=\"robots\" content=\"index, follow, max-snippet:-1, max-image-preview:large, max-video-preview:-1\" \/>\n<link rel=\"canonical\" href=\"https:\/\/www.barvypp.cz\/?page_id=63\" \/>\n<meta property=\"og:locale\" content=\"cs_CZ\" \/>\n<meta property=\"og:type\" content=\"article\" \/>\n<meta property=\"og:title\" content=\"\u0160irok\u00fd sortiment barev a lak\u016f | Jirkov - Chomutov\" \/>\n<meta property=\"og:description\" content=\"Jsme dodavatel\u00e9 n\u00e1t\u011brov\u00fdch hmot a p\u0159\u00edslu\u0161enstv\u00ed, kter\u00e9 s mal\u00ed\u0159stv\u00edm neodmysliteln\u011b souvis\u00ed. Z\u00e1kazn\u00edk\u016fm nab\u00edz\u00edme m\u00edch\u00e1n\u00ed syntetick\u00fdch, fas\u00e1dn\u00edch a interi\u00e9rov\u00fdch barev i autolak\u016f De Beer \u2013 v\u0161e na po\u010dk\u00e1n\u00ed.\" \/>\n<meta property=\"og:url\" content=\"https:\/\/www.barvypp.cz\/?page_id=63\" \/>\n<meta property=\"og:site_name\" content=\"Barvypp\" \/>\n<meta property=\"article:modified_time\" content=\"2024-06-23T12:55:01+00:00\" \/>\n<meta name=\"twitter:card\" content=\"summary_large_image\" \/>\n<meta name=\"twitter:label1\" content=\"Odhadovan\u00e1 doba \u010dten\u00ed\" \/>\n\t<meta name=\"twitter:data1\" content=\"6 minut\" \/>\n<script type=\"application\/ld+json\" class=\"yoast-schema-graph\">{\"@context\":\"https:\/\/schema.org\",\"@graph\":[{\"@type\":\"WebPage\",\"@id\":\"https:\/\/www.barvypp.cz\/?page_id=63\",\"url\":\"https:\/\/www.barvypp.cz\/?page_id=63\",\"name\":\"\u0160irok\u00fd sortiment barev a lak\u016f | Jirkov - Chomutov\",\"isPartOf\":{\"@id\":\"https:\/\/www.barvypp.cz\/#website\"},\"datePublished\":\"2024-06-23T09:23:04+00:00\",\"dateModified\":\"2024-06-23T12:55:01+00:00\",\"description\":\"Jsme dodavatel\u00e9 n\u00e1t\u011brov\u00fdch hmot a p\u0159\u00edslu\u0161enstv\u00ed, kter\u00e9 s mal\u00ed\u0159stv\u00edm neodmysliteln\u011b souvis\u00ed. Z\u00e1kazn\u00edk\u016fm nab\u00edz\u00edme m\u00edch\u00e1n\u00ed syntetick\u00fdch, fas\u00e1dn\u00edch a interi\u00e9rov\u00fdch barev i autolak\u016f De Beer \u2013 v\u0161e na po\u010dk\u00e1n\u00ed.\",\"breadcrumb\":{\"@id\":\"https:\/\/www.barvypp.cz\/?page_id=63#breadcrumb\"},\"inLanguage\":\"cs\",\"potentialAction\":[{\"@type\":\"ReadAction\",\"target\":[\"https:\/\/www.barvypp.cz\/?page_id=63\"]}]},{\"@type\":\"BreadcrumbList\",\"@id\":\"https:\/\/www.barvypp.cz\/?page_id=63#breadcrumb\",\"itemListElement\":[{\"@type\":\"ListItem\",\"position\":1,\"name\":\"Dom\u016f\",\"item\":\"https:\/\/www.barvypp.cz\/\"},{\"@type\":\"ListItem\",\"position\":2,\"name\":\"Prodej barev\"}]},{\"@type\":\"WebSite\",\"@id\":\"https:\/\/www.barvypp.cz\/#website\",\"url\":\"https:\/\/www.barvypp.cz\/\",\"name\":\"Barvypp\",\"description\":\"\",\"potentialAction\":[{\"@type\":\"SearchAction\",\"target\":{\"@type\":\"EntryPoint\",\"urlTemplate\":\"https:\/\/www.barvypp.cz\/?s={search_term_string}\"},\"query-input\":{\"@type\":\"PropertyValueSpecification\",\"valueRequired\":true,\"valueName\":\"search_term_string\"}}],\"inLanguage\":\"cs\"}]}<\/script>\n<!-- \/ Yoast SEO plugin. -->","yoast_head_json":{"title":"\u0160irok\u00fd sortiment barev a lak\u016f | Jirkov - Chomutov","description":"Jsme dodavatel\u00e9 n\u00e1t\u011brov\u00fdch hmot a p\u0159\u00edslu\u0161enstv\u00ed, kter\u00e9 s mal\u00ed\u0159stv\u00edm neodmysliteln\u011b souvis\u00ed. Z\u00e1kazn\u00edk\u016fm nab\u00edz\u00edme m\u00edch\u00e1n\u00ed syntetick\u00fdch, fas\u00e1dn\u00edch a interi\u00e9rov\u00fdch barev i autolak\u016f De Beer \u2013 v\u0161e na po\u010dk\u00e1n\u00ed.","robots":{"index":"index","follow":"follow","max-snippet":"max-snippet:-1","max-image-preview":"max-image-preview:large","max-video-preview":"max-video-preview:-1"},"canonical":"https:\/\/www.barvypp.cz\/?page_id=63","og_locale":"cs_CZ","og_type":"article","og_title":"\u0160irok\u00fd sortiment barev a lak\u016f | Jirkov - Chomutov","og_description":"Jsme dodavatel\u00e9 n\u00e1t\u011brov\u00fdch hmot a p\u0159\u00edslu\u0161enstv\u00ed, kter\u00e9 s mal\u00ed\u0159stv\u00edm neodmysliteln\u011b souvis\u00ed. Z\u00e1kazn\u00edk\u016fm nab\u00edz\u00edme m\u00edch\u00e1n\u00ed syntetick\u00fdch, fas\u00e1dn\u00edch a interi\u00e9rov\u00fdch barev i autolak\u016f De Beer \u2013 v\u0161e na po\u010dk\u00e1n\u00ed.","og_url":"https:\/\/www.barvypp.cz\/?page_id=63","og_site_name":"Barvypp","article_modified_time":"2024-06-23T12:55:01+00:00","twitter_card":"summary_large_image","twitter_misc":{"Odhadovan\u00e1 doba \u010dten\u00ed":"6 minut"},"schema":{"@context":"https:\/\/schema.org","@graph":[{"@type":"WebPage","@id":"https:\/\/www.barvypp.cz\/?page_id=63","url":"https:\/\/www.barvypp.cz\/?page_id=63","name":"\u0160irok\u00fd sortiment barev a lak\u016f | Jirkov - Chomutov","isPartOf":{"@id":"https:\/\/www.barvypp.cz\/#website"},"datePublished":"2024-06-23T09:23:04+00:00","dateModified":"2024-06-23T12:55:01+00:00","description":"Jsme dodavatel\u00e9 n\u00e1t\u011brov\u00fdch hmot a p\u0159\u00edslu\u0161enstv\u00ed, kter\u00e9 s mal\u00ed\u0159stv\u00edm neodmysliteln\u011b souvis\u00ed. Z\u00e1kazn\u00edk\u016fm nab\u00edz\u00edme m\u00edch\u00e1n\u00ed syntetick\u00fdch, fas\u00e1dn\u00edch a interi\u00e9rov\u00fdch barev i autolak\u016f De Beer \u2013 v\u0161e na po\u010dk\u00e1n\u00ed.","breadcrumb":{"@id":"https:\/\/www.barvypp.cz\/?page_id=63#breadcrumb"},"inLanguage":"cs","potentialAction":[{"@type":"ReadAction","target":["https:\/\/www.barvypp.cz\/?page_id=63"]}]},{"@type":"BreadcrumbList","@id":"https:\/\/www.barvypp.cz\/?page_id=63#breadcrumb","itemListElement":[{"@type":"ListItem","position":1,"name":"Dom\u016f","item":"https:\/\/www.barvypp.cz\/"},{"@type":"ListItem","position":2,"name":"Prodej barev"}]},{"@type":"WebSite","@id":"https:\/\/www.barvypp.cz\/#website","url":"https:\/\/www.barvypp.cz\/","name":"Barvypp","description":"","potentialAction":[{"@type":"SearchAction","target":{"@type":"EntryPoint","urlTemplate":"https:\/\/www.barvypp.cz\/?s={search_term_string}"},"query-input":{"@type":"PropertyValueSpecification","valueRequired":true,"valueName":"search_term_string"}}],"inLanguage":"cs"}]}},"_links":{"self":[{"href":"https:\/\/www.barvypp.cz\/index.php?rest_route=\/wp\/v2\/pages\/63","targetHints":{"allow":["GET"]}}],"collection":[{"href":"https:\/\/www.barvypp.cz\/index.php?rest_route=\/wp\/v2\/pages"}],"about":[{"href":"https:\/\/www.barvypp.cz\/index.php?rest_route=\/wp\/v2\/types\/page"}],"author":[{"embeddable":true,"href":"https:\/\/www.barvypp.cz\/index.php?rest_route=\/wp\/v2\/users\/1"}],"replies":[{"embeddable":true,"href":"https:\/\/www.barvypp.cz\/index.php?rest_route=%2Fwp%2Fv2%2Fcomments&post=63"}],"version-history":[{"count":1,"href":"https:\/\/www.barvypp.cz\/index.php?rest_route=\/wp\/v2\/pages\/63\/revisions"}],"predecessor-version":[{"id":64,"href":"https:\/\/www.barvypp.cz\/index.php?rest_route=\/wp\/v2\/pages\/63\/revisions\/64"}],"wp:attachment":[{"href":"https:\/\/www.barvypp.cz\/index.php?rest_route=%2Fwp%2Fv2%2Fmedia&parent=63"}],"curies":[{"name":"wp","href":"https:\/\/api.w.org\/{rel}","templated":true}]}}